{"id":81,"date":"2021-07-24T21:52:54","date_gmt":"2021-07-24T19:52:54","guid":{"rendered":"https:\/\/caldizzi.com\/fr\/?post_type=product&#038;p=81"},"modified":"2024-01-21T19:45:35","modified_gmt":"2024-01-21T18:45:35","slug":"lot-caldizzi-x100-tomate-poivron","status":"publish","type":"product","link":"https:\/\/caldizzi.com\/fr\/produit\/lot-caldizzi-x100-tomate-poivron\/","title":{"rendered":"Caldi&rsquo;zzi \u00a9 Tomate Poivron"},"content":{"rendered":"<p>Commandez votre carton de 100 pi\u00e8ces de Caldizzi Original Tomate Poivrons conditionn\u00e9s en carton de 100 pi\u00e8ces<\/p>\n","protected":false},"excerpt":{"rendered":"<p>Lot Caldizzi x100 Tomate Poivron<\/p>\n","protected":false},"featured_media":458,"template":"","meta":{"_et_pb_use_builder":"","_et_pb_old_content":"","_et_gb_content_width":""},"product_brand":[],"product_cat":[19],"product_tag":[30],"class_list":{"0":"post-81","1":"product","2":"type-product","3":"status-publish","4":"has-post-thumbnail","6":"product_cat-minis","7":"product_tag-sale","9":"first","10":"instock","11":"taxable","12":"shipping-taxable","13":"purchasable","14":"product-type-simple"},"jetpack_sharing_enabled":true,"_links":{"self":[{"href":"https:\/\/caldizzi.com\/fr\/wp-json\/wp\/v2\/product\/81","targetHints":{"allow":["GET"]}}],"collection":[{"href":"https:\/\/caldizzi.com\/fr\/wp-json\/wp\/v2\/product"}],"about":[{"href":"https:\/\/caldizzi.com\/fr\/wp-json\/wp\/v2\/types\/product"}],"wp:featuredmedia":[{"embeddable":true,"href":"https:\/\/caldizzi.com\/fr\/wp-json\/wp\/v2\/media\/458"}],"wp:attachment":[{"href":"https:\/\/caldizzi.com\/fr\/wp-json\/wp\/v2\/media?parent=81"}],"wp:term":[{"taxonomy":"product_brand","embeddable":true,"href":"https:\/\/caldizzi.com\/fr\/wp-json\/wp\/v2\/product_brand?post=81"},{"taxonomy":"product_cat","embeddable":true,"href":"https:\/\/caldizzi.com\/fr\/wp-json\/wp\/v2\/product_cat?post=81"},{"taxonomy":"product_tag","embeddable":true,"href":"https:\/\/caldizzi.com\/fr\/wp-json\/wp\/v2\/product_tag?post=81"}],"curies":[{"name":"wp","href":"https:\/\/api.w.org\/{rel}","templated":true}]}}