{"id":69,"date":"2021-07-24T21:27:16","date_gmt":"2021-07-24T19:27:16","guid":{"rendered":"https:\/\/caldizzi.com\/fr\/produit\/hoodie-with-logo\/"},"modified":"2024-05-23T18:16:53","modified_gmt":"2024-05-23T16:16:53","slug":"caldi-brousse-epinard","status":"publish","type":"product","link":"https:\/\/caldizzi.com\/fr\/produit\/caldi-brousse-epinard\/","title":{"rendered":"Caldi&rsquo;zzi \u00a9 Brousse Epinard"},"content":{"rendered":"<p>Commandez votre carton de 100 pi\u00e8ces de Caldizzi Original Brousse \u00e9pinard conditionn\u00e9s dans un carton de 100 pi\u00e8ces.<\/p>\n","protected":false},"excerpt":{"rendered":"<p>Lot Caldizzi x100 Brousse Epinard<\/p>\n","protected":false},"featured_media":436,"template":"","meta":{"_et_pb_use_builder":"","_et_pb_old_content":"","_et_gb_content_width":""},"product_brand":[],"product_cat":[19],"product_tag":[30],"class_list":{"0":"post-69","1":"product","2":"type-product","3":"status-publish","4":"has-post-thumbnail","6":"product_cat-minis","7":"product_tag-sale","9":"first","10":"instock","11":"taxable","12":"shipping-taxable","13":"purchasable","14":"product-type-simple"},"jetpack_sharing_enabled":true,"_links":{"self":[{"href":"https:\/\/caldizzi.com\/fr\/wp-json\/wp\/v2\/product\/69","targetHints":{"allow":["GET"]}}],"collection":[{"href":"https:\/\/caldizzi.com\/fr\/wp-json\/wp\/v2\/product"}],"about":[{"href":"https:\/\/caldizzi.com\/fr\/wp-json\/wp\/v2\/types\/product"}],"wp:featuredmedia":[{"embeddable":true,"href":"https:\/\/caldizzi.com\/fr\/wp-json\/wp\/v2\/media\/436"}],"wp:attachment":[{"href":"https:\/\/caldizzi.com\/fr\/wp-json\/wp\/v2\/media?parent=69"}],"wp:term":[{"taxonomy":"product_brand","embeddable":true,"href":"https:\/\/caldizzi.com\/fr\/wp-json\/wp\/v2\/product_brand?post=69"},{"taxonomy":"product_cat","embeddable":true,"href":"https:\/\/caldizzi.com\/fr\/wp-json\/wp\/v2\/product_cat?post=69"},{"taxonomy":"product_tag","embeddable":true,"href":"https:\/\/caldizzi.com\/fr\/wp-json\/wp\/v2\/product_tag?post=69"}],"curies":[{"name":"wp","href":"https:\/\/api.w.org\/{rel}","templated":true}]}}