{"id":297,"date":"2021-11-24T22:02:56","date_gmt":"2021-11-24T21:02:56","guid":{"rendered":"https:\/\/caldizzi.com\/fr\/?post_type=product&#038;p=297"},"modified":"2022-10-30T16:02:35","modified_gmt":"2022-10-30T15:02:35","slug":"caldizzi-fromage-oignon","status":"publish","type":"product","link":"https:\/\/caldizzi.com\/fr\/produit\/caldizzi-fromage-oignon\/","title":{"rendered":"Caldi&rsquo;zzi \u00a9 Fromage Oignon"},"content":{"rendered":"<p>Caldi&rsquo;zzi \u00a9 Fromage\/Oignon &#8211; 100 pi\u00e8ces (100x 40g) pr\u00eat \u00e0 cuire.<\/p>\n<p>Produit v\u00e9g\u00e9tarien<\/p>\n","protected":false},"excerpt":{"rendered":"<p>Caldi&rsquo;zzi \u00a9 Fromage\/Oignon &#8211; 100 pi\u00e8ces pr\u00eat \u00e0 cuire<\/p>\n","protected":false},"featured_media":456,"template":"","meta":{"_et_pb_use_builder":"","_et_pb_old_content":"","_et_gb_content_width":""},"product_brand":[],"product_cat":[19],"product_tag":[30],"class_list":{"0":"post-297","1":"product","2":"type-product","3":"status-publish","4":"has-post-thumbnail","6":"product_cat-minis","7":"product_tag-sale","9":"first","10":"instock","11":"featured","12":"taxable","13":"shipping-taxable","14":"purchasable","15":"product-type-simple"},"jetpack_sharing_enabled":true,"_links":{"self":[{"href":"https:\/\/caldizzi.com\/fr\/wp-json\/wp\/v2\/product\/297","targetHints":{"allow":["GET"]}}],"collection":[{"href":"https:\/\/caldizzi.com\/fr\/wp-json\/wp\/v2\/product"}],"about":[{"href":"https:\/\/caldizzi.com\/fr\/wp-json\/wp\/v2\/types\/product"}],"wp:featuredmedia":[{"embeddable":true,"href":"https:\/\/caldizzi.com\/fr\/wp-json\/wp\/v2\/media\/456"}],"wp:attachment":[{"href":"https:\/\/caldizzi.com\/fr\/wp-json\/wp\/v2\/media?parent=297"}],"wp:term":[{"taxonomy":"product_brand","embeddable":true,"href":"https:\/\/caldizzi.com\/fr\/wp-json\/wp\/v2\/product_brand?post=297"},{"taxonomy":"product_cat","embeddable":true,"href":"https:\/\/caldizzi.com\/fr\/wp-json\/wp\/v2\/product_cat?post=297"},{"taxonomy":"product_tag","embeddable":true,"href":"https:\/\/caldizzi.com\/fr\/wp-json\/wp\/v2\/product_tag?post=297"}],"curies":[{"name":"wp","href":"https:\/\/api.w.org\/{rel}","templated":true}]}}