{"id":129,"date":"2021-09-17T17:06:30","date_gmt":"2021-09-17T15:06:30","guid":{"rendered":"https:\/\/caldizzi.com\/fr\/?post_type=product&#038;p=129"},"modified":"2024-01-21T19:42:51","modified_gmt":"2024-01-21T18:42:51","slug":"lot-caldizzi-x100-chocolat","status":"publish","type":"product","link":"https:\/\/caldizzi.com\/fr\/produit\/lot-caldizzi-x100-chocolat\/","title":{"rendered":"Caldi&rsquo;zzi \u00a9 Chocolat"},"content":{"rendered":"<p>Caldi&rsquo;zzi \u00a9 x100 Chocolat (100pi\u00e8ces de 40g). Pr\u00eat \u00e0 cuire.<\/p>\n<div class='et-box et-info'>\n\t\t\t\t\t<div class='et-box-content'>En quantit\u00e9 limit\u00e9<\/div><\/div>\n","protected":false},"excerpt":{"rendered":"<p>Caldi&rsquo;zzi \u00a9 Chocolat 100 pi\u00e8ces pr\u00eat \u00e0 cuire.<\/p>\n","protected":false},"featured_media":438,"template":"","meta":{"_et_pb_use_builder":"","_et_pb_old_content":"","_et_gb_content_width":""},"product_brand":[],"product_cat":[19],"product_tag":[29],"class_list":{"0":"post-129","1":"product","2":"type-product","3":"status-publish","4":"has-post-thumbnail","6":"product_cat-minis","7":"product_tag-sucre","9":"first","10":"instock","11":"taxable","12":"shipping-taxable","13":"purchasable","14":"product-type-simple"},"jetpack_sharing_enabled":true,"_links":{"self":[{"href":"https:\/\/caldizzi.com\/fr\/wp-json\/wp\/v2\/product\/129","targetHints":{"allow":["GET"]}}],"collection":[{"href":"https:\/\/caldizzi.com\/fr\/wp-json\/wp\/v2\/product"}],"about":[{"href":"https:\/\/caldizzi.com\/fr\/wp-json\/wp\/v2\/types\/product"}],"wp:featuredmedia":[{"embeddable":true,"href":"https:\/\/caldizzi.com\/fr\/wp-json\/wp\/v2\/media\/438"}],"wp:attachment":[{"href":"https:\/\/caldizzi.com\/fr\/wp-json\/wp\/v2\/media?parent=129"}],"wp:term":[{"taxonomy":"product_brand","embeddable":true,"href":"https:\/\/caldizzi.com\/fr\/wp-json\/wp\/v2\/product_brand?post=129"},{"taxonomy":"product_cat","embeddable":true,"href":"https:\/\/caldizzi.com\/fr\/wp-json\/wp\/v2\/product_cat?post=129"},{"taxonomy":"product_tag","embeddable":true,"href":"https:\/\/caldizzi.com\/fr\/wp-json\/wp\/v2\/product_tag?post=129"}],"curies":[{"name":"wp","href":"https:\/\/api.w.org\/{rel}","templated":true}]}}