{"id":39,"date":"2021-07-24T20:58:20","date_gmt":"2021-07-24T18:58:20","guid":{"rendered":"https:\/\/caldizzi.com\/fr\/?page_id=39"},"modified":"2026-02-25T08:44:44","modified_gmt":"2026-02-25T07:44:44","slug":"cgv","status":"publish","type":"page","link":"https:\/\/caldizzi.com\/fr\/cgv\/","title":{"rendered":"CGV"},"content":{"rendered":"\n<p><strong>Conditions G\u00e9n\u00e9rales de Vente<\/strong><\/p>\n\n\n\n<p><strong>Des CALDI\u2019ZZI<\/strong><strong>\u00ae<\/strong><\/p>\n\n\n\n<p><strong>Clause n\u00b0 1 : Objet<\/strong><\/p>\n\n\n\n<p>Les conditions g\u00e9n\u00e9rales de vente d\u00e9crites ci-apr\u00e8s d\u00e9taillent les droits et obligations de la<\/p>\n\n\n\n<p><strong>soci\u00e9t\u00e9 CALDIMEX<\/strong><strong>\u00ae et de son client<\/strong> dans le cadre de la vente des marchandises<\/p>\n\n\n\n<p>suivantes : <strong>Les CALDI\u2019ZZI<\/strong><strong>\u00ae <\/strong>(sp\u00e9cialit\u00e9 culinaire import\u00e9 de Malte).<\/p>\n\n\n\n<p>Toute prestation accomplie par <strong>la soci\u00e9t\u00e9 CALDIMEX<\/strong><strong>\u00ae <\/strong>&nbsp;implique donc l&rsquo;adh\u00e9sion<\/p>\n\n\n\n<p>sans r\u00e9serve de l&rsquo;acheteur aux pr\u00e9sentes conditions g\u00e9n\u00e9rales de vente.<\/p>\n\n\n\n<p><strong>Clause n\u00b0 2 : Prix et conditionnement<\/strong><\/p>\n\n\n\n<p>Les prix des marchandises vendues sont ceux en vigueur au jour de la prise de commande. Ils<\/p>\n\n\n\n<p>sont libell\u00e9s en euros et calcul\u00e9s hors taxes. Par voie de cons\u00e9quence, ils seront major\u00e9s du<\/p>\n\n\n\n<p>taux de TVA et des frais de transport applicables au jour de la commande.<em> Application possible d\u2019un bar\u00e8me en fonction de la distance de livraison et du nombre de cartons command\u00e9s.<\/em><\/p>\n\n\n\n<p><strong>La soci\u00e9t\u00e9 CALDIMEX<\/strong><strong>\u00ae<\/strong> s&rsquo;accorde le droit de modifier ses tarifs \u00e0 tout moment.<\/p>\n\n\n\n<p>Toutefois, elle s&rsquo;engage \u00e0 facturer les marchandises command\u00e9es aux prix indiqu\u00e9s lors de<\/p>\n\n\n\n<p>l&rsquo;enregistrement de la commande.<\/p>\n\n\n\n<p>Le conditionnement se d\u00e9termine ainsi&nbsp;:<\/p>\n\n\n\n<p>En carton vrac de 50 pi\u00e8ces d\u2019un poids unitaire de 75 gr environ pour un poids total du colis s\u2019\u00e9levant \u00e0 3,750 kg emballage compris.<\/p>\n\n\n\n<p>En carton de 100 pi\u00e8ces par sachet de 10 d\u2019un poids unitaire de 40 gr environ pour un poids total du colis s\u2019\u00e9levant \u00e0 4,000 kg emballage compris.<\/p>\n\n\n\n<p>Surgel\u00e9s et livr\u00e9 en transport r\u00e9frig\u00e9r\u00e9.<\/p>\n\n\n\n<p><strong>Clause n\u00b0 3 : Rabais et ristournes<\/strong><\/p>\n\n\n\n<p>Les tarifs propos\u00e9s comprennent les rabais et ristournes que la soci\u00e9t\u00e9 <strong>CALDIMEX<\/strong><strong>\u00ae<\/strong><\/p>\n\n\n\n<p>serait amen\u00e9e \u00e0 octroyer compte tenu de ses r\u00e9sultats ou de la prise en charge par l&rsquo;acheteur<\/p>\n\n\n\n<p>de certaines prestations.<\/p>\n\n\n\n<p><strong>Clause n\u00b0 4 : Escompte<\/strong><\/p>\n\n\n\n<p>Aucun escompte ne sera consenti en cas de paiement anticip\u00e9.<\/p>\n\n\n\n<p><strong>Clause n\u00b0 5 : Modalit\u00e9s de paiement<\/strong><\/p>\n\n\n\n<p>Le r\u00e8glement des commandes s&rsquo;effectue :<\/p>\n\n\n\n<p>\u2022 soit par Carte bancaire;<\/p>\n\n\n\n<p>\u2022 soit par paypal;<\/p>\n\n\n\n<p>\u2022 soit par gpay.<\/p>\n\n\n\n<p>Lors de l&rsquo;enregistrement de la commande, l&rsquo;acheteur devra verser un acompte de 10% du<\/p>\n\n\n\n<p>montant global de la facture, le solde devant \u00eatre pay\u00e9 \u00e0 r\u00e9ception des marchandises.<\/p>\n\n\n\n<p><strong>Clause n\u00b0 6 : Retard de paiement<\/strong><\/p>\n\n\n\n<p>En cas de d\u00e9faut de paiement total ou partiel des marchandises livr\u00e9es au jour de la r\u00e9ception,<\/p>\n\n\n\n<p>l&rsquo;acheteur doit verser \u00e0 la soci\u00e9t\u00e9 <strong>CALDIMEX<\/strong><strong>\u00ae<\/strong>une p\u00e9nalit\u00e9 de retard \u00e9gale \u00e0 trois<\/p>\n\n\n\n<p>fois le taux de l&rsquo;int\u00e9r\u00eat l\u00e9gal.<\/p>\n\n\n\n<p>Le taux de l&rsquo;int\u00e9r\u00eat l\u00e9gal retenu est celui en vigueur au jour de la livraison des marchandises.<\/p>\n\n\n\n<p>A compter du 1er janvier 2015, le taux d&rsquo;int\u00e9r\u00eat l\u00e9gal sera r\u00e9vis\u00e9 tous les 6 mois (Ordonnance<\/p>\n\n\n\n<p>n\u00b02014-947 du 20 ao\u00fbt 2014).<\/p>\n\n\n\n<p>Cette p\u00e9nalit\u00e9 est calcul\u00e9e sur le montant TTC de la somme restant due, et court \u00e0 compter de<\/p>\n\n\n\n<p>la date d&rsquo;\u00e9ch\u00e9ance du prix sans qu&rsquo;aucune mise en demeure pr\u00e9alable ne soit n\u00e9cessaire.<\/p>\n\n\n\n<p>En sus des indemnit\u00e9s de retard, toute somme, y compris l\u2019acompte, non pay\u00e9e \u00e0 sa date<\/p>\n\n\n\n<p>d\u2019exigibilit\u00e9 produira de plein droit le paiement d\u2019une indemnit\u00e9 forfaitaire de 40 euros due au<\/p>\n\n\n\n<p>titre des frais de recouvrement.<\/p>\n\n\n\n<p>Articles 441-6, I alin\u00e9a 12 et D. 441-5 du code de commerce.<\/p>\n\n\n\n<p><strong>Clause n\u00b0 7 : Clause r\u00e9solutoire<\/strong><\/p>\n\n\n\n<p>Si dans les quinze jours qui suivent la mise en \u0153uvre de la clause \u00a0\u00bb Retard de paiement \u00ab\u00a0,<\/p>\n\n\n\n<p>l&rsquo;acheteur ne s&rsquo;est pas acquitt\u00e9 des sommes restant dues, la vente sera r\u00e9solue de plein droit et<\/p>\n\n\n\n<p>pourra ouvrir droit \u00e0 l&rsquo;allocation de dommages et int\u00e9r\u00eats au profit de la <strong>soci\u00e9t\u00e9 CALDIMEX<\/strong><strong>\u00ae<\/strong>.<\/p>\n\n\n\n<p><strong>Clause n\u00b0 8 : Clause de r\u00e9serve de propri\u00e9t\u00e9<\/strong><\/p>\n\n\n\n<p>La soci\u00e9t\u00e9 <strong>CALDIMEX<\/strong><strong>\u00ae<\/strong> conserve la propri\u00e9t\u00e9 des biens vendus jusqu&rsquo;au paiement<\/p>\n\n\n\n<p>int\u00e9gral du prix, en principal et en accessoires. \u00c0 ce titre, si l&rsquo;acheteur fait l&rsquo;objet d&rsquo;un<\/p>\n\n\n\n<p>redressement ou d&rsquo;une liquidation judiciaire, la soci\u00e9t\u00e9 <strong>CALDIMEX<\/strong><strong>\u00ae<\/strong> se r\u00e9serve le<\/p>\n\n\n\n<p>droit de revendiquer, dans le cadre de la proc\u00e9dure collective, les marchandises vendues et<\/p>\n\n\n\n<p>rest\u00e9es impay\u00e9es.<\/p>\n\n\n\n<p><strong>Clause n\u00b0 9 : Livraison<\/strong><\/p>\n\n\n\n<p>La livraison est effectu\u00e9e :<\/p>\n\n\n\n<p>\u2022 soit par la remise directe de la marchandise \u00e0 l&rsquo;acheteur ;<\/p>\n\n\n\n<p>\u2022 soit par un prestataire de service annexe de mise \u00e0 disposition en magasin \u00e0 l&rsquo;attention de l&rsquo;acheteur ;<\/p>\n\n\n\n<p>Le d\u00e9lai de livraison indiqu\u00e9 lors de l&rsquo;enregistrement de la commande n&rsquo;est donn\u00e9 qu&rsquo;\u00e0 titre<\/p>\n\n\n\n<p>indicatif et n&rsquo;est aucunement garanti.<\/p>\n\n\n\n<p>Par voie de cons\u00e9quence, tout retard raisonnable dans la livraison des produits ne pourra pas<\/p>\n\n\n\n<p>donner lieu au profit de l&rsquo;acheteur \u00e0 :<\/p>\n\n\n\n<p>\u2022 l&rsquo;allocation de dommages et int\u00e9r\u00eats ;<\/p>\n\n\n\n<p>\u2022 l&rsquo;annulation de la commande.<\/p>\n\n\n\n<p>Le risque du transport est support\u00e9 en totalit\u00e9 par l&rsquo;acheteur.<\/p>\n\n\n\n<p>En cas de marchandises manquantes ou d\u00e9t\u00e9rior\u00e9es lors du transport, l&rsquo;acheteur devra formuler<\/p>\n\n\n\n<p>toutes les r\u00e9serves n\u00e9cessaires sur le bon de commande \u00e0 r\u00e9ception desdites marchandises.<\/p>\n\n\n\n<p>Ces r\u00e9serves devront \u00eatre, en outre, confirm\u00e9es par \u00e9crit dans les cinq jours suivant la livraison,<\/p>\n\n\n\n<p>par courrier recommand\u00e9 AR.<\/p>\n\n\n\n<p>La livraison des produits command\u00e9s sont d\u00e9livr\u00e9s par ChronoFresh.<\/p>\n\n\n\n<p><strong>Clause n\u00b0 10 : Force majeure<\/strong><\/p>\n\n\n\n<p>La responsabilit\u00e9 de la soci\u00e9t\u00e9 <strong>CALDIMEX<\/strong><strong>\u00ae<\/strong> &nbsp;ne pourra pas \u00eatre mise en \u0153uvre si la<\/p>\n\n\n\n<p>non-ex\u00e9cution ou le retard dans l&rsquo;ex\u00e9cution de l&rsquo;une de ses obligations d\u00e9crites dans les<\/p>\n\n\n\n<p>pr\u00e9sentes conditions g\u00e9n\u00e9rales de vente d\u00e9coule d&rsquo;un cas de force majeure. \u00c0 ce titre, la force<\/p>\n\n\n\n<p>majeure s&rsquo;entend de tout \u00e9v\u00e9nement ext\u00e9rieur, impr\u00e9visible et irr\u00e9sistible au sens de l&rsquo;article<\/p>\n\n\n\n<p>1148 du Code civil.<\/p>\n\n\n\n<p>Tout litige relatif \u00e0 l&rsquo;interpr\u00e9tation et \u00e0 l&rsquo;ex\u00e9cution des pr\u00e9sentes conditions g\u00e9n\u00e9rales de vente<\/p>\n\n\n\n<p>est soumis au droit fran\u00e7ais.<\/p>\n\n\n\n<p>\u00c0 d\u00e9faut de r\u00e9solution amiable, le litige sera port\u00e9 devant le Tribunal de commerce au lieu du<\/p>\n\n\n\n<p>si\u00e8ge social.<\/p>\n\n\n\n<p><strong>Clause n\u00b0 11 : Le droit \u00e0 l\u2019image<\/strong><\/p>\n\n\n\n<p>La soci\u00e9t\u00e9 <strong>CALDIMEX<\/strong><strong>\u00ae<\/strong> est propri\u00e9taire de son image et de sa marque.<\/p>\n\n\n\n<p><strong>Le d\u00e9veloppement du site internet a \u00e9t\u00e9 r\u00e9alis\u00e9 par : Benjamin Colomb<\/strong><\/p>\n\n\n\n<p><strong>CALDI\u2019ZZI<\/strong><strong>\u00aeest une marque d\u00e9pos\u00e9e \u00e0 l\u2019INPI le 18 mars 2021.<\/strong><\/p>\n\n\n\n<p>Les photos, commentaires sur les r\u00e9seaux sociaux ou tous autres liens qui se rapprocheraient<\/p>\n\n\n\n<p>avec La soci\u00e9t\u00e9 <strong>CALDIMEX<\/strong><strong>\u00ae et de ses produits sp\u00e9cifiques les CALDI\u2019ZZI<\/strong><strong>\u00ae<\/strong>ne sauraient \u00eatre consenti sans l\u2019accord du G\u00e9rant Fondateur.<\/p>\n\n\n\n<p><\/p>\n\n\n\n<p><strong><em>&nbsp;&nbsp;&nbsp;&nbsp;&nbsp;&nbsp;&nbsp;&nbsp;&nbsp;&nbsp;&nbsp;&nbsp;&nbsp;&nbsp;&nbsp;&nbsp; <\/em><\/strong><em>Fait \u00e0 Allauch , le 13\/08\/2021 <strong>&nbsp;&nbsp;<\/strong><\/em><\/p>\n","protected":false},"excerpt":{"rendered":"<p>Conditions G\u00e9n\u00e9rales de Vente Des CALDI\u2019ZZI\u00ae Clause n\u00b0 1 : Objet Les conditions g\u00e9n\u00e9rales de vente d\u00e9crites ci-apr\u00e8s d\u00e9taillent les droits et obligations de la soci\u00e9t\u00e9 CALDIMEX\u00ae et de son client dans le cadre de la vente des marchandises suivantes : Les CALDI\u2019ZZI\u00ae (sp\u00e9cialit\u00e9 culinaire import\u00e9 de Malte). Toute prestation accomplie par la soci\u00e9t\u00e9 CALDIMEX\u00ae [&hellip;]<\/p>\n","protected":false},"author":1,"featured_media":0,"parent":0,"menu_order":0,"comment_status":"closed","ping_status":"closed","template":"","meta":{"_et_pb_use_builder":"","_et_pb_old_content":"","_et_gb_content_width":"","footnotes":""},"class_list":["post-39","page","type-page","status-publish","hentry"],"jetpack_sharing_enabled":true,"_links":{"self":[{"href":"https:\/\/caldizzi.com\/fr\/wp-json\/wp\/v2\/pages\/39","targetHints":{"allow":["GET"]}}],"collection":[{"href":"https:\/\/caldizzi.com\/fr\/wp-json\/wp\/v2\/pages"}],"about":[{"href":"https:\/\/caldizzi.com\/fr\/wp-json\/wp\/v2\/types\/page"}],"author":[{"embeddable":true,"href":"https:\/\/caldizzi.com\/fr\/wp-json\/wp\/v2\/users\/1"}],"replies":[{"embeddable":true,"href":"https:\/\/caldizzi.com\/fr\/wp-json\/wp\/v2\/comments?post=39"}],"version-history":[{"count":5,"href":"https:\/\/caldizzi.com\/fr\/wp-json\/wp\/v2\/pages\/39\/revisions"}],"predecessor-version":[{"id":629,"href":"https:\/\/caldizzi.com\/fr\/wp-json\/wp\/v2\/pages\/39\/revisions\/629"}],"wp:attachment":[{"href":"https:\/\/caldizzi.com\/fr\/wp-json\/wp\/v2\/media?parent=39"}],"curies":[{"name":"wp","href":"https:\/\/api.w.org\/{rel}","templated":true}]}}