{"id":199,"date":"2021-11-24T18:37:02","date_gmt":"2021-11-24T17:37:02","guid":{"rendered":"https:\/\/caldizzi.com\/fr\/?page_id=199"},"modified":"2021-11-24T21:33:07","modified_gmt":"2021-11-24T20:33:07","slug":"le-caldizzi","status":"publish","type":"page","link":"https:\/\/caldizzi.com\/fr\/le-caldizzi\/","title":{"rendered":"Le Caldi&rsquo;zzi\u00a9"},"content":{"rendered":"<p>[et_pb_section fb_built=\u00a0\u00bb1&Prime; _builder_version=\u00a0\u00bb4.14.1&Prime; _module_preset=\u00a0\u00bbdefault\u00a0\u00bb background_color=\u00a0\u00bbRGBA(255,255,255,0)\u00a0\u00bb custom_padding=\u00a0\u00bb|||0px||\u00a0\u00bb global_colors_info=\u00a0\u00bb{}\u00a0\u00bb][et_pb_row use_custom_gutter=\u00a0\u00bbon\u00a0\u00bb _builder_version=\u00a0\u00bb4.14.1&Prime; _module_preset=\u00a0\u00bbdefault\u00a0\u00bb width=\u00a0\u00bb100%\u00a0\u00bb hover_enabled=\u00a0\u00bb0&Prime; global_colors_info=\u00a0\u00bb{}\u00a0\u00bb custom_margin=\u00a0\u00bb-112px||6px||false|false\u00a0\u00bb sticky_enabled=\u00a0\u00bb0&Prime;][et_pb_column type=\u00a0\u00bb4_4&Prime; _builder_version=\u00a0\u00bb4.14.1&Prime; _module_preset=\u00a0\u00bbdefault\u00a0\u00bb global_colors_info=\u00a0\u00bb{}\u00a0\u00bb][et_pb_code _builder_version=\u00a0\u00bb4.14.1&Prime; _module_preset=\u00a0\u00bbdefault\u00a0\u00bb hover_enabled=\u00a0\u00bb0&Prime; global_colors_info=\u00a0\u00bb{}\u00a0\u00bb custom_margin=\u00a0\u00bb-59px||||false|false\u00a0\u00bb sticky_enabled=\u00a0\u00bb0&Prime;]<!-- [et_pb_line_break_holder] -->[\/et_pb_code][\/et_pb_column][\/et_pb_row][et_pb_row column_structure=\u00a0\u00bb1_2,1_2&Prime; _builder_version=\u00a0\u00bb4.14.1&Prime; _module_preset=\u00a0\u00bbdefault\u00a0\u00bb global_colors_info=\u00a0\u00bb{}\u00a0\u00bb][et_pb_column type=\u00a0\u00bb1_2&Prime; _builder_version=\u00a0\u00bb4.14.1&Prime; _module_preset=\u00a0\u00bbdefault\u00a0\u00bb global_colors_info=\u00a0\u00bb{}\u00a0\u00bb][et_pb_text _builder_version=\u00a0\u00bb4.14.1&Prime; _module_preset=\u00a0\u00bbdefault\u00a0\u00bb background_color=\u00a0\u00bbrgba(255,255,255,0.78)\u00a0\u00bb global_colors_info=\u00a0\u00bb{}\u00a0\u00bb]<\/p>\n<div class=\"d-flex justify-content-center\"><img decoding=\"async\" src=\"https:\/\/caldizzi.com\/assets\/img\/logobleu.png\" alt=\"logo de la marque\" style=\"display: block; margin-left: auto; margin-right: auto;\" \/><\/div>\n<div class=\"d-flex justify-content-center\"><\/div>\n<div class=\"d-flex justify-content-center\"><\/div>\n<div class=\"d-flex justify-content-center\"><\/div>\n<div class=\"d-flex justify-content-center\"><\/div>\n<h3 class=\"text-center\" style=\"text-align: center;\">LE PASTIZZI \u00c0 MALTE .<\/h3>\n<p>&nbsp;<\/p>\n<p>Si vous posez la question \u00e0 un habitant de<span>\u00a0<\/span><b>Malte<\/b><span>\u00a0<\/span>sur la sp\u00e9cialit\u00e9 la plus pris\u00e9e de son \u00eele , il y a de fortes chances qu\u2019il vous r\u00e9ponde :<span>\u00a0<\/span><b>\u00ab Pastizzi \u00bb<\/b>!<\/p>\n<p>Oui , la nourriture de rue la plus populaire de Malte est bien le pastizzi.<\/p>\n<p>Il est savour\u00e9 tous les jours \u00e0 toute heure par les habitants et les touristes, \u00e0 tel point que les<span>\u00a0<\/span><b>\u00ab pastizzerias \u00bb<\/b><span>\u00a0<\/span>pr\u00e9parent constamment des produits frais tout au long de la journ\u00e9e. Pourtant, l\u2019amour port\u00e9 pour cet aliment de base traditionnel ne s&rsquo;arr\u00eate pas \u00e0 Malte<br \/><b>\u00ab\u00a0Les Pastizzi\u00a0\u00bb<\/b><span>\u00a0<\/span>sont \u00e9galement fabriqu\u00e9s \u00e0 l&rsquo;\u00e9tranger par des communaut\u00e9s d&rsquo;immigrants maltais principalement au<span>\u00a0<\/span><i>Royaume-Uni, aux \u00c9tats-Unis, au Canada et en Australie<\/i>. Et depuis peu , distribu\u00e9 en France par la soci\u00e9t\u00e9<span>\u00a0<\/span><b>CALDIMEX<\/b>\u00ae en partenariat avec MC SIMS\u00ae bas\u00e9 \u00e0 Malte.<\/p>\n<h4 class=\"text-center\" style=\"text-align: center;\">Caldi\u2019zzi, l\u2019authentique r\u00e9f\u00e9rence du \u00ab\u00a0Caldi\u00a0\u00bb en France.<\/h4>\n<p>&nbsp;<\/p>\n<p>Selon les historiens l&rsquo;origine du \u00ab\u00a0Caldi\u00a0\u00bb est apparue \u00e0 un moment o\u00f9 les habitants ont commenc\u00e9 \u00e0 cr\u00e9er de nouvelles saveurs en inventant de nouvelles recettes avec de la p\u00e2tisserie. En fait, la p\u00e2tisserie \u00e9tait consid\u00e9r\u00e9e comme une bonne option pour satisfaire un ventre affam\u00e9 lorsque peu de viande ou d&rsquo;autres ingr\u00e9dients \u00e9taient facilement disponibles.<span>\u00a0<\/span><\/p>\n<p><b>\u00ab\u00a0Les Pastizzi\u00a0\u00bb<\/b><span>\u00a0<\/span>ont finalement \u00e9t\u00e9 transform\u00e9s en collation nationale de Malte et sont devenus une partie int\u00e9grante de la cuisine maltaise.<\/p>\n<p>Aujourd&rsquo;hui, ils peuvent \u00eatre vendu dans les nombreux<span>\u00a0<\/span><b>Pastizzerias<\/b><span>\u00a0<\/span>( kiosque familial ) que l&rsquo;on trouve dans pratiquement tous les coins de l\u2019\u00eele. Ils sont \u00e9galement disponibles dans les bars, les caf\u00e9s et les p\u00e2tisseries \u00e9videmment.<\/p>\n<p>Profond\u00e9ment ancr\u00e9 dans la culture locale, le mot est \u00e9galement utilis\u00e9 dans la langue maltaise pour faire r\u00e9f\u00e9rence \u00e0 des situations sp\u00e9cifiques comme l&rsquo;idiome \u00abinbieg\u0127u b\u0127all-pastizzi\u00bb (\u00e7\u00e0 se vend comme des<span>\u00a0<\/span><b>pastizzi<\/b><span>\u00a0<\/span>),faisant allusion \u00e0 tout ce qui est en demande constante et \u00e9lev\u00e9e, \u00e9quivalent \u00e0 l&rsquo;anglais. expression \u00abse vendre comme des petits pains.\u00bb<\/p>\n<p>[\/et_pb_text][et_pb_text _builder_version=\u00a0\u00bb4.14.1&Prime; _module_preset=\u00a0\u00bbdefault\u00a0\u00bb background_color=\u00a0\u00bbrgba(255,255,255,0.68)\u00a0\u00bb global_colors_info=\u00a0\u00bb{}\u00a0\u00bb]<\/p>\n<div class=\"d-flex justify-content-center\"><img decoding=\"async\" src=\"https:\/\/caldizzi.com\/assets\/img\/logorouge.png\" alt=\"logo de la marque\" style=\"display: block; margin-left: auto; margin-right: auto;\" \/><\/div>\n<h3 class=\"text-center\" style=\"text-align: center;\">UNE IC\u00d4NE NATIONALE<\/h3>\n<p>Traditionnellement en forme de losange ou de forme ronde selon la garniture, les<span>\u00a0<\/span><b>Pastizzi<\/b><span>\u00a0<\/span>sont g\u00e9n\u00e9ralement pr\u00e9par\u00e9s avec une p\u00e2te qui ressemble beaucoup \u00e0 la p\u00e2te phyllo.<\/p>\n<p>La p\u00e2te est g\u00e9n\u00e9ralement \u00e9tir\u00e9e et pli\u00e9e avec des couches de mati\u00e8re grasse entre chaque feuille et roul\u00e9e plusieurs fois pour obtenir son<span>\u00a0<\/span><b>feuilletage<\/b><span>\u00a0<\/span>unique une fois cuite. Traditionnellement, cette friandise sal\u00e9e est remplie de Ricotta, commun\u00e9ment appel\u00e9e<span>\u00a0<\/span><b>Pastizzi tal-irkotta<\/b><span>\u00a0<\/span>(g\u00e2teau au fromage) ou de petits pois , \u00e9galement connus sous le nom de<span>\u00a0<\/span><b>Pastizzi tal-pi\u017celli<\/b><span>\u00a0<\/span>(g\u00e2teau aux petit pois).<\/p>\n<p>Ces derni\u00e8res ann\u00e9es, les<span>\u00a0<\/span><b>Pastizzi<\/b><span>\u00a0<\/span>ont atteint un tout autre niveau de qualit\u00e9 avec de nombreux magasins proposant diff\u00e9rentes variantes de cette sp\u00e9cialit\u00e9 culinaire. Les<span>\u00a0<\/span><b>pastizzi<\/b><span>\u00a0<\/span>au poulet, au b\u0153uf ou aux \u00e9pinards deviennent lentement mais r\u00e9guli\u00e8rement populaires aupr\u00e8s des habitants.<\/p>\n<p>Il est ind\u00e9niable que les<span>\u00a0<\/span><b>Pastizzi<\/b><span>\u00a0<\/span>sont riches en calories, mais depuis que les consommateurs sont de plus en plus soucieux de leur sant\u00e9, les<span>\u00a0<\/span><b>Pastizzerias<\/b><span>\u00a0<\/span>ont adapt\u00e9 leurs produits et offrent maintenant des alternatives hypocaloriques, permettant aux clients de continuer \u00e0 savourer ces d\u00e9licieuses sp\u00e9cialit\u00e9s sans crainte de surpoids<\/p>\n<p>[\/et_pb_text][\/et_pb_column][et_pb_column type=\u00a0\u00bb1_2&Prime; _builder_version=\u00a0\u00bb4.14.1&Prime; _module_preset=\u00a0\u00bbdefault\u00a0\u00bb global_colors_info=\u00a0\u00bb{}\u00a0\u00bb][et_pb_image src=\u00a0\u00bbhttps:\/\/caldizzi.com\/fr\/wp-content\/uploads\/2021\/11\/pastizzeria.jpg\u00a0\u00bb title_text=\u00a0\u00bbpastizzeria\u00a0\u00bb _builder_version=\u00a0\u00bb4.14.1&Prime; _module_preset=\u00a0\u00bbdefault\u00a0\u00bb border_radii=\u00a0\u00bbon|5px|5px|5px|5px\u00a0\u00bb border_width_all=\u00a0\u00bb2px\u00a0\u00bb border_color_all=\u00a0\u00bb#000000&Prime; global_colors_info=\u00a0\u00bb{}\u00a0\u00bb][\/et_pb_image][et_pb_image src=\u00a0\u00bbhttps:\/\/caldizzi.com\/fr\/wp-content\/uploads\/2021\/11\/lapate-e1637785286331.jpg\u00a0\u00bb alt=\u00a0\u00bbpate a feuillet\u00e9\u00a0\u00bb title_text=\u00a0\u00bblapate\u00a0\u00bb _builder_version=\u00a0\u00bb4.14.1&Prime; _module_preset=\u00a0\u00bbdefault\u00a0\u00bb custom_padding=\u00a0\u00bb0px||14px||false|false\u00a0\u00bb custom_css_main_element=\u00a0\u00bbpadding : -5px\u00a0\u00bb global_colors_info=\u00a0\u00bb{}\u00a0\u00bb][\/et_pb_image][et_pb_text _builder_version=\u00a0\u00bb4.14.1&Prime; _module_preset=\u00a0\u00bbdefault\u00a0\u00bb background_color=\u00a0\u00bbrgba(255,255,255,0.71)\u00a0\u00bb custom_margin=\u00a0\u00bb-15px||||false|false\u00a0\u00bb global_colors_info=\u00a0\u00bb{}\u00a0\u00bb]<\/p>\n<div class=\"d-flex justify-content-center\"><img decoding=\"async\" src=\"https:\/\/caldizzi.com\/assets\/img\/logojaune.png\" alt=\"logo de la marque\" style=\"display: block; margin-left: auto; margin-right: auto;\" \/><\/div>\n<h3 class=\"text-center\" style=\"text-align: center;\">LE \u00ab\u00a0CALDI CALDI\u00a0\u00bb \u00c0 MARSEILLE<\/h3>\n<p>\u00ab Je vous parle d\u2019un temps que les moins de vingt ans ne peuvent pas conna\u00eetre \u00bb : il y a de nombreuses ann\u00e9es ,un homme , Monsieur Louis DARMANIN , a fabriqu\u00e9 avec Amour ce petit friand unique dans le vieux quartier de Noailles \u00e0<span>\u00a0<\/span><b>Marseille<\/b>.<\/p>\n<p>C\u2019est dans son petit magasin de la rue Pollack qu\u2019on pouvait trouver ses fameux \u00ab<span>\u00a0<\/span><b>Caldi<\/b><span>\u00a0<\/span>\u00bb enti\u00e8rement fait \u00e0 la main . Mais quel marseillais n\u2019a pas d\u00e9gust\u00e9 cette sp\u00e9cialit\u00e9 dans la rue dans les ann\u00e9es 1970 \/ 1980 ?<\/p>\n<p>Impossible de ne pas croiser une des multiples charrettes qui s\u2019installaient sur le trottoir en interpellant les passant avec ce fameux slogan : \u00ab<span>\u00a0<\/span><b>Caldi Caldi<\/b><span>\u00a0<\/span>! \u00bb . Les marchands ambulants sortaient alors de leur chariot leurs plaques toutes chaudes ou on pouvait voir alors leurs friands app\u00e9tissants. Les passants attir\u00e9 par l\u2019odeur ne r\u00e9sistaient pas \u00e0 les acheter pour les d\u00e9guster sur place \u2026<\/p>\n<p>Aujourd\u2019hui ce produit revoit le jour en France gr\u00e2ce \u00e0 la soci\u00e9t\u00e9<span>\u00a0<\/span><b>CALDIMEX<\/b><span>\u00a0<\/span>qui le distribue en collaboration avec la soci\u00e9t\u00e9<span>\u00a0<\/span><b>MC SIMS<\/b>\u00ae bas\u00e9 \u00e0 Malte. Son go\u00fbt est sa qualit\u00e9 raviveront \u00e0 coup s\u00fbr la m\u00e9moire des anciens \u2026.<\/p>\n<p style=\"text-align: center;\">quand aux plus jeunes , ils les d\u00e9couvriront \u2026<\/p>\n<p>[\/et_pb_text][\/et_pb_column][\/et_pb_row][et_pb_row _builder_version=\u00a0\u00bb4.14.1&Prime; _module_preset=\u00a0\u00bbdefault\u00a0\u00bb global_colors_info=\u00a0\u00bb{}\u00a0\u00bb][et_pb_column type=\u00a0\u00bb4_4&Prime; _builder_version=\u00a0\u00bb4.14.1&Prime; _module_preset=\u00a0\u00bbdefault\u00a0\u00bb global_colors_info=\u00a0\u00bb{}\u00a0\u00bb][et_pb_code _builder_version=\u00a0\u00bb4.14.1&Prime; _module_preset=\u00a0\u00bbdefault\u00a0\u00bb global_colors_info=\u00a0\u00bb{}\u00a0\u00bb]<\/p>\n<style><!-- [et_pb_line_break_holder] --> .masonry { \/* Masonry container *\/<!-- [et_pb_line_break_holder] -->      -webkit-column-count: 4;<!-- [et_pb_line_break_holder] -->    -moz-column-count:4;<!-- [et_pb_line_break_holder] -->    column-count: 4;<!-- [et_pb_line_break_holder] -->    -webkit-column-gap: 1em;<!-- [et_pb_line_break_holder] -->    -moz-column-gap: 1em;<!-- [et_pb_line_break_holder] -->    column-gap: 1em;<!-- [et_pb_line_break_holder] -->     margin: 1.5em;<!-- [et_pb_line_break_holder] -->      padding: 0;<!-- [et_pb_line_break_holder] -->      -moz-column-gap: 1.5em;<!-- [et_pb_line_break_holder] -->      -webkit-column-gap: 1.5em;<!-- [et_pb_line_break_holder] -->      column-gap: 1.5em;<!-- [et_pb_line_break_holder] -->      font-size: .85em;<!-- [et_pb_line_break_holder] -->  }<!-- [et_pb_line_break_holder] -->  .item {<!-- [et_pb_line_break_holder] -->      display: inline-block;<!-- [et_pb_line_break_holder] -->      background: #fff;<!-- [et_pb_line_break_holder] -->      padding: 1em;<!-- [et_pb_line_break_holder] -->      margin: 0 0 1.5em;<!-- [et_pb_line_break_holder] -->      width: 100%;<!-- [et_pb_line_break_holder] -->      -webkit-transition:1s ease all;<!-- [et_pb_line_break_holder] -->      box-sizing: border-box;<!-- [et_pb_line_break_holder] -->      -moz-box-sizing: border-box;<!-- [et_pb_line_break_holder] -->      -webkit-box-sizing: border-box;<!-- [et_pb_line_break_holder] -->      box-shadow: 2px 2px 4px 0 #ccc;<!-- [et_pb_line_break_holder] -->  }<!-- [et_pb_line_break_holder] -->  .item img{max-width:100%;}<!-- [et_pb_line_break_holder] -->  <!-- [et_pb_line_break_holder] -->  @media only screen and (max-width: 320px) {<!-- [et_pb_line_break_holder] -->      .masonry {<!-- [et_pb_line_break_holder] -->          -moz-column-count: 1;<!-- [et_pb_line_break_holder] -->          -webkit-column-count: 1;<!-- [et_pb_line_break_holder] -->          column-count: 1;<!-- [et_pb_line_break_holder] -->      }<!-- [et_pb_line_break_holder] -->  }<!-- [et_pb_line_break_holder] -->  <!-- [et_pb_line_break_holder] -->  @media only screen and (max-width: 500px) {<!-- [et_pb_line_break_holder] -->    .illustration {<!-- [et_pb_line_break_holder] -->        display: none;<!-- [et_pb_line_break_holder] -->    }<!-- [et_pb_line_break_holder] -->}<!-- [et_pb_line_break_holder] -->  @media only screen and (min-width: 321px) and (max-width: 768px){<!-- [et_pb_line_break_holder] -->      .masonry {<!-- [et_pb_line_break_holder] -->          -moz-column-count: 2;<!-- [et_pb_line_break_holder] -->          -webkit-column-count: 2;<!-- [et_pb_line_break_holder] -->          column-count: 2;<!-- [et_pb_line_break_holder] -->      }<!-- [et_pb_line_break_holder] -->  }<!-- [et_pb_line_break_holder] -->  @media only screen and (min-width: 769px) and (max-width: 1200px){<!-- [et_pb_line_break_holder] -->      .masonry {<!-- [et_pb_line_break_holder] -->          -moz-column-count: 3;<!-- [et_pb_line_break_holder] -->          -webkit-column-count: 3;<!-- [et_pb_line_break_holder] -->          column-count: 3;<!-- [et_pb_line_break_holder] -->      }<!-- [et_pb_line_break_holder] -->  }<!-- [et_pb_line_break_holder] -->  @media only screen and (min-width: 1201px) {<!-- [et_pb_line_break_holder] -->      .masonry {<!-- [et_pb_line_break_holder] -->          -moz-column-count: 4;<!-- [et_pb_line_break_holder] -->          -webkit-column-count: 4;<!-- [et_pb_line_break_holder] -->          column-count: 4;<!-- [et_pb_line_break_holder] -->      }<!-- [et_pb_line_break_holder] -->  }<!-- [et_pb_line_break_holder] --><\/style>\n<p><!-- [et_pb_line_break_holder] --><!-- [et_pb_line_break_holder] --><!-- [et_pb_line_break_holder] --><\/p>\n<div class=\"masonry\"><!-- [et_pb_line_break_holder] -->  <\/p>\n<div class=\"item\"><!-- [et_pb_line_break_holder] --><!-- [et_pb_line_break_holder] -->    <img decoding=\"async\" src=\"..\/..\/assets\/img\/caldihd.jpg\"><!-- [et_pb_line_break_holder] -->  <\/div>\n<p><!-- [et_pb_line_break_holder] -->  <\/p>\n<div class=\"item\"><!-- [et_pb_line_break_holder] --><!-- [et_pb_line_break_holder] -->    <img decoding=\"async\" src=\"..\/..\/assets\/img\/caldihd5.jpg\"><!-- [et_pb_line_break_holder] -->  <\/div>\n<p><!-- [et_pb_line_break_holder] -->  <\/p>\n<div class=\"item\"><!-- [et_pb_line_break_holder] --><!-- [et_pb_line_break_holder] -->    <img decoding=\"async\" src=\"..\/..\/assets\/img\/caldihd2.jpg\"><!-- [et_pb_line_break_holder] -->  <\/div>\n<p><!-- [et_pb_line_break_holder] -->  <\/p>\n<div class=\"item\"><!-- [et_pb_line_break_holder] --><!-- [et_pb_line_break_holder] -->    <img decoding=\"async\" src=\"..\/..\/assets\/img\/caldihd4.jpg\"><!-- [et_pb_line_break_holder] -->  <\/div>\n<p><!-- [et_pb_line_break_holder] -->  <\/p>\n<div class=\"item\"><!-- [et_pb_line_break_holder] --><!-- [et_pb_line_break_holder] -->    <img decoding=\"async\" src=\"..\/..\/assets\/img\/epinard.jpg\"><!-- [et_pb_line_break_holder] -->  <\/div>\n<p><!-- [et_pb_line_break_holder] -->  <\/p>\n<div class=\"item\"><!-- [et_pb_line_break_holder] --><!-- [et_pb_line_break_holder] -->    <img decoding=\"async\" src=\"..\/..\/assets\/img\/caldihd6.jpg\"><!-- [et_pb_line_break_holder] -->  <\/div>\n<p><!-- [et_pb_line_break_holder] -->  <\/p>\n<div class=\"item\"><!-- [et_pb_line_break_holder] --><!-- [et_pb_line_break_holder] -->    <img decoding=\"async\" src=\"..\/..\/assets\/img\/caldihd3.jpg\"><!-- [et_pb_line_break_holder] -->  <\/div>\n<p><!-- [et_pb_line_break_holder] -->  <\/p>\n<div class=\"item\"><!-- [et_pb_line_break_holder] --><!-- [et_pb_line_break_holder] -->    <img decoding=\"async\" src=\"..\/..\/assets\/img\/pastizzi-panier.jpg\"><!-- [et_pb_line_break_holder] -->  <\/div>\n<p>[\/et_pb_code][\/et_pb_column][\/et_pb_row][\/et_pb_section]<\/p>\n","protected":false},"excerpt":{"rendered":"<p> LE PASTIZZI \u00c0 MALTE . &nbsp; Si vous posez la question \u00e0 un habitant de\u00a0Malte\u00a0sur la sp\u00e9cialit\u00e9 la plus pris\u00e9e de son \u00eele , il y a de fortes chances qu\u2019il vous r\u00e9ponde :\u00a0\u00ab Pastizzi \u00bb! Oui , la nourriture de rue la plus populaire de Malte est bien le pastizzi. Il est [&hellip;]<\/p>\n","protected":false},"author":1,"featured_media":0,"parent":0,"menu_order":0,"comment_status":"closed","ping_status":"closed","template":"","meta":{"_et_pb_use_builder":"on","_et_pb_old_content":"","_et_gb_content_width":"","footnotes":""},"class_list":["post-199","page","type-page","status-publish","hentry"],"jetpack_sharing_enabled":true,"_links":{"self":[{"href":"https:\/\/caldizzi.com\/fr\/wp-json\/wp\/v2\/pages\/199","targetHints":{"allow":["GET"]}}],"collection":[{"href":"https:\/\/caldizzi.com\/fr\/wp-json\/wp\/v2\/pages"}],"about":[{"href":"https:\/\/caldizzi.com\/fr\/wp-json\/wp\/v2\/types\/page"}],"author":[{"embeddable":true,"href":"https:\/\/caldizzi.com\/fr\/wp-json\/wp\/v2\/users\/1"}],"replies":[{"embeddable":true,"href":"https:\/\/caldizzi.com\/fr\/wp-json\/wp\/v2\/comments?post=199"}],"version-history":[{"count":5,"href":"https:\/\/caldizzi.com\/fr\/wp-json\/wp\/v2\/pages\/199\/revisions"}],"predecessor-version":[{"id":289,"href":"https:\/\/caldizzi.com\/fr\/wp-json\/wp\/v2\/pages\/199\/revisions\/289"}],"wp:attachment":[{"href":"https:\/\/caldizzi.com\/fr\/wp-json\/wp\/v2\/media?parent=199"}],"curies":[{"name":"wp","href":"https:\/\/api.w.org\/{rel}","templated":true}]}}