{"id":197,"date":"2021-11-24T18:37:01","date_gmt":"2021-11-24T17:37:01","guid":{"rendered":"https:\/\/caldizzi.com\/fr\/?page_id=197"},"modified":"2025-10-15T20:41:24","modified_gmt":"2025-10-15T18:41:24","slug":"nous-contacter","status":"publish","type":"page","link":"https:\/\/caldizzi.com\/fr\/nous-contacter\/","title":{"rendered":"Nous contacter"},"content":{"rendered":"<p>[et_pb_section fb_built=\u00a0\u00bb1&Prime; custom_padding_last_edited=\u00a0\u00bboff|desktop\u00a0\u00bb admin_label=\u00a0\u00bbHeader Section\u00a0\u00bb _builder_version=\u00a0\u00bb4.14.1&Prime; _module_preset=\u00a0\u00bbdefault\u00a0\u00bb use_background_color_gradient=\u00a0\u00bbon\u00a0\u00bb background_color_gradient_start=\u00a0\u00bb#e8e8e8&Prime; background_color_gradient_end=\u00a0\u00bbrgba(255,255,255,0)\u00a0\u00bb background_color_gradient_start_position=\u00a0\u00bb40%\u00a0\u00bb background_color_gradient_overlays_image=\u00a0\u00bbon\u00a0\u00bb background_image=\u00a0\u00bbhttps:\/\/caldizzi.com\/fr\/wp-content\/uploads\/2023\/06\/b4cb5c3b-d8d9-4783-9b77-6243dfc6142e.jpg\u00a0\u00bb background_size=\u00a0\u00bbinitial\u00a0\u00bb custom_padding=\u00a0\u00bb8%|0px|40%|0px\u00a0\u00bb custom_padding_tablet=\u00a0\u00bb320px|0px|0px|0px\u00a0\u00bb hover_enabled=\u00a0\u00bb0&Prime; global_colors_info=\u00a0\u00bb{}\u00a0\u00bb custom_margin=\u00a0\u00bb||-193px||false|false\u00a0\u00bb sticky_enabled=\u00a0\u00bb0&Prime;][et_pb_row admin_label=\u00a0\u00bbHeader Row\u00a0\u00bb _builder_version=\u00a0\u00bb4.17.4&Prime; _module_preset=\u00a0\u00bbdefault\u00a0\u00bb custom_margin=\u00a0\u00bb-150px||||false|false\u00a0\u00bb global_colors_info=\u00a0\u00bb{}\u00a0\u00bb][et_pb_column type=\u00a0\u00bb4_4&Prime; _builder_version=\u00a0\u00bb4.16&Prime; _module_preset=\u00a0\u00bbdefault\u00a0\u00bb custom_padding=\u00a0\u00bb|||\u00a0\u00bb global_colors_info=\u00a0\u00bb{}\u00a0\u00bb custom_padding__hover=\u00a0\u00bb|||\u00a0\u00bb][et_pb_text _builder_version=\u00a0\u00bb4.17.4&Prime; _module_preset=\u00a0\u00bbdefault\u00a0\u00bb text_font=\u00a0\u00bbOpen Sans|600|||||||\u00a0\u00bb text_font_size=\u00a0\u00bb16px\u00a0\u00bb text_line_height=\u00a0\u00bb1.8em\u00a0\u00bb header_font=\u00a0\u00bbOswald|||on|||||\u00a0\u00bb header_font_size=\u00a0\u00bb60px\u00a0\u00bb header_letter_spacing=\u00a0\u00bb5px\u00a0\u00bb header_line_height=\u00a0\u00bb1.4em\u00a0\u00bb text_orientation=\u00a0\u00bbcenter\u00a0\u00bb max_width=\u00a0\u00bb700px\u00a0\u00bb module_alignment=\u00a0\u00bbcenter\u00a0\u00bb global_colors_info=\u00a0\u00bb{}\u00a0\u00bb]<\/p>\n<h1>Nous contacter<\/h1>\n<p>Vous souhaitez entrer en contact avec nous ? Vous \u00eates au bon endroit\u00a0!\u00a0<\/p>\n<p>Besoin d\u2019information(s) compl\u00e9mentaire(s) pour votre commande\u00a0? adressez-nous vos coordonn\u00e9es e-mail et ou postales afin que nous puissions vous r\u00e9pondre dans les meilleurs d\u00e9lais.\u00a0<\/p>\n<p>[\/et_pb_text][et_pb_text _builder_version=\u00a0\u00bb4.17.4&Prime; _module_preset=\u00a0\u00bbdefault\u00a0\u00bb text_font=\u00a0\u00bbOpen Sans|600|||||||\u00a0\u00bb text_font_size=\u00a0\u00bb16px\u00a0\u00bb text_line_height=\u00a0\u00bb1.8em\u00a0\u00bb header_font=\u00a0\u00bbOswald|||on|||||\u00a0\u00bb header_font_size=\u00a0\u00bb60px\u00a0\u00bb header_letter_spacing=\u00a0\u00bb5px\u00a0\u00bb header_line_height=\u00a0\u00bb1.4em\u00a0\u00bb text_orientation=\u00a0\u00bbcenter\u00a0\u00bb max_width=\u00a0\u00bb700px\u00a0\u00bb module_alignment=\u00a0\u00bbcenter\u00a0\u00bb custom_padding=\u00a0\u00bb|0px||||\u00a0\u00bb global_colors_info=\u00a0\u00bb{}\u00a0\u00bb]<\/p>\n<h1>\ud83e\udd50 Devenez Partenaire du Go\u00fbt Authentique !<\/h1>\n<p>Rejoignez l\u2019aventure Caldi\u2019zzi\u00ae, la sp\u00e9cialit\u00e9 feuillet\u00e9e maltaise qui s\u00e9duit la France !<br \/>Un produit artisanal, v\u00e9g\u00e9tal et unique, pens\u00e9 pour les professionnels exigeants : z\u00e9ro perte, conservation parfaite en surgel\u00e9, six recettes savoureuses, et une cuisson simple pour un r\u00e9sultat croustillant \u00e0 souhait.<\/p>\n<p>\u27a1\ufe0f En devenant Commer\u00e7ant Partenaire Caldi\u2019zzi\u00ae, vous profitez :<\/p>\n<p>d\u2019un produit authentique et exclusif, fabriqu\u00e9 \u00e0 la main,<br \/>d\u2019une logistique ma\u00eetris\u00e9e et d\u2019un accompagnement commercial,<br \/>d\u2019une visibilit\u00e9 en ligne via nos r\u00e9seaux et notre site officiel,<\/p>\n<p>et de la garantie d\u2019un feuillet\u00e9 \u00ab toujours bien vendu \u00bb, respect\u00e9 pour sa qualit\u00e9 et sa tradition.<\/p>\n<p>\ud83d\udcbc Rejoignez le r\u00e9seau Caldi\u2019zzi\u00ae et faites d\u00e9couvrir \u00e0 votre client\u00e8le un produit d\u2019exception, simple \u00e0 vendre, rentable et porteur de saveurs !<br \/>\u2013 L\u2019art du feuillet\u00e9 maltais rena\u00eet en France.<\/p>\n<p>[\/et_pb_text][\/et_pb_column][\/et_pb_row][\/et_pb_section][et_pb_section fb_built=\u00a0\u00bb1&Prime; admin_label=\u00a0\u00bbContact Section\u00a0\u00bb _builder_version=\u00a0\u00bb4.17.4&Prime; _module_preset=\u00a0\u00bbdefault\u00a0\u00bb use_background_color_gradient=\u00a0\u00bbon\u00a0\u00bb background_color_gradient_start=\u00a0\u00bb#ffffff\u00a0\u00bb background_color_gradient_end=\u00a0\u00bbrgba(255,255,255,0)\u00a0\u00bb background_color_gradient_start_position=\u00a0\u00bb20%\u00a0\u00bb background_color_gradient_end_position=\u00a0\u00bb80%\u00a0\u00bb background_color_gradient_overlays_image=\u00a0\u00bbon\u00a0\u00bb background_enable_image=\u00a0\u00bboff\u00a0\u00bb background_size=\u00a0\u00bbcontain\u00a0\u00bb background_position=\u00a0\u00bbbottom_center\u00a0\u00bb custom_padding=\u00a0\u00bb120px|0px|0px|0px\u00a0\u00bb saved_tabs=\u00a0\u00bball\u00a0\u00bb global_colors_info=\u00a0\u00bb{}\u00a0\u00bb][et_pb_row _builder_version=\u00a0\u00bb4.17.4&Prime; _module_preset=\u00a0\u00bbdefault\u00a0\u00bb custom_margin=\u00a0\u00bb-120px||||false|false\u00a0\u00bb global_colors_info=\u00a0\u00bb{}\u00a0\u00bb][et_pb_column type=\u00a0\u00bb4_4&Prime; _builder_version=\u00a0\u00bb4.17.4&Prime; _module_preset=\u00a0\u00bbdefault\u00a0\u00bb global_colors_info=\u00a0\u00bb{}\u00a0\u00bb][et_pb_code _builder_version=\u00a0\u00bb4.17.4&Prime; _module_preset=\u00a0\u00bbdefault\u00a0\u00bb text_orientation=\u00a0\u00bbcenter\u00a0\u00bb custom_margin=\u00a0\u00bb-45px||||false|false\u00a0\u00bb global_colors_info=\u00a0\u00bb{}\u00a0\u00bb][contact-form-7 id=\u00a0\u00bb290&Prime; title=\u00a0\u00bbFormulaire de contact 1&Prime;][\/et_pb_code][et_pb_text _builder_version=\u00a0\u00bb4.14.1&Prime; _module_preset=\u00a0\u00bbdefault\u00a0\u00bb global_colors_info=\u00a0\u00bb{}\u00a0\u00bb]<\/p>\n<p><span style=\"font-size: small;\">Dans le cadre de la loi informatique et libert\u00e9s (CNIL), et sauf opposition de votre part, nous conserverons les e-mails et donn\u00e9es personnelles renseign\u00e9es dans ce formulaire deux ans apr\u00e8s leur envoi.<\/span><\/p>\n<p>[\/et_pb_text][\/et_pb_column][\/et_pb_row][\/et_pb_section]<\/p>\n","protected":false},"excerpt":{"rendered":"<p>Nous contacter Vous souhaitez entrer en contact avec nous ? Vous \u00eates au bon endroit\u00a0!\u00a0 Besoin d\u2019information(s) compl\u00e9mentaire(s) pour votre commande\u00a0? adressez-nous vos coordonn\u00e9es e-mail et ou postales afin que nous puissions vous r\u00e9pondre dans les meilleurs d\u00e9lais.\u00a0\ud83e\udd50 Devenez Partenaire du Go\u00fbt Authentique ! Rejoignez l\u2019aventure Caldi\u2019zzi\u00ae, la sp\u00e9cialit\u00e9 feuillet\u00e9e maltaise qui s\u00e9duit la France [&hellip;]<\/p>\n","protected":false},"author":1,"featured_media":0,"parent":0,"menu_order":0,"comment_status":"closed","ping_status":"closed","template":"","meta":{"_et_pb_use_builder":"on","_et_pb_old_content":"","_et_gb_content_width":"","footnotes":""},"class_list":["post-197","page","type-page","status-publish","hentry"],"jetpack_sharing_enabled":true,"_links":{"self":[{"href":"https:\/\/caldizzi.com\/fr\/wp-json\/wp\/v2\/pages\/197","targetHints":{"allow":["GET"]}}],"collection":[{"href":"https:\/\/caldizzi.com\/fr\/wp-json\/wp\/v2\/pages"}],"about":[{"href":"https:\/\/caldizzi.com\/fr\/wp-json\/wp\/v2\/types\/page"}],"author":[{"embeddable":true,"href":"https:\/\/caldizzi.com\/fr\/wp-json\/wp\/v2\/users\/1"}],"replies":[{"embeddable":true,"href":"https:\/\/caldizzi.com\/fr\/wp-json\/wp\/v2\/comments?post=197"}],"version-history":[{"count":12,"href":"https:\/\/caldizzi.com\/fr\/wp-json\/wp\/v2\/pages\/197\/revisions"}],"predecessor-version":[{"id":609,"href":"https:\/\/caldizzi.com\/fr\/wp-json\/wp\/v2\/pages\/197\/revisions\/609"}],"wp:attachment":[{"href":"https:\/\/caldizzi.com\/fr\/wp-json\/wp\/v2\/media?parent=197"}],"curies":[{"name":"wp","href":"https:\/\/api.w.org\/{rel}","templated":true}]}}